{"id":739,"date":"2025-07-16T15:30:28","date_gmt":"2025-07-16T15:30:28","guid":{"rendered":"https:\/\/schulte-schmeckt.de\/?page_id=739"},"modified":"2025-10-08T15:37:00","modified_gmt":"2025-10-08T15:37:00","slug":"fuer-privatkunden","status":"publish","type":"page","link":"https:\/\/schulte-schmeckt.de\/index.php\/fleischerei\/fuer-privatkunden\/","title":{"rendered":"F\u00fcr Privatkunden"},"content":{"rendered":"\t\t<div data-elementor-type=\"wp-page\" data-elementor-id=\"739\" class=\"elementor elementor-739\" data-elementor-post-type=\"page\">\n\t\t\t\t<div class=\"elementor-element elementor-element-6037e5f e-flex e-con-boxed e-con e-parent\" data-id=\"6037e5f\" data-element_type=\"container\" data-e-type=\"container\" data-settings=\"{&quot;background_background&quot;:&quot;classic&quot;,&quot;shape_divider_bottom&quot;:&quot;tilt&quot;}\">\n\t\t\t\t\t<div class=\"e-con-inner\">\n\t\t\t\t<div class=\"elementor-shape elementor-shape-bottom\" aria-hidden=\"true\" data-negative=\"false\">\n\t\t\t<svg xmlns=\"http:\/\/www.w3.org\/2000\/svg\" viewBox=\"0 0 1000 100\" preserveAspectRatio=\"none\">\n\t<path class=\"elementor-shape-fill\" d=\"M0,6V0h1000v100L0,6z\"\/>\n<\/svg>\t\t<\/div>\n\t\t<div class=\"elementor-element elementor-element-c11ccff e-con-full e-flex e-con e-child\" data-id=\"c11ccff\" data-element_type=\"container\" data-e-type=\"container\" data-settings=\"{&quot;animation&quot;:&quot;none&quot;}\">\n\t\t\t\t<div class=\"elementor-element elementor-element-0c5dd55 elementor-align-left elementor-widget elementor-widget-breadcrumbs\" data-id=\"0c5dd55\" data-element_type=\"widget\" data-e-type=\"widget\" data-widget_type=\"breadcrumbs.default\">\n\t\t\t\t<div class=\"elementor-widget-container\">\n\t\t\t\t\t<p id=\"breadcrumbs\"><span><span><a href=\"https:\/\/schulte-schmeckt.de\/\">Startseite<\/a><\/span><\/span><\/p>\t\t\t\t<\/div>\n\t\t\t\t<\/div>\n\t\t\t\t<div class=\"elementor-element elementor-element-3bb03de elementor-widget elementor-widget-heading\" data-id=\"3bb03de\" data-element_type=\"widget\" data-e-type=\"widget\" data-widget_type=\"heading.default\">\n\t\t\t\t<div class=\"elementor-widget-container\">\n\t\t\t\t\t<h1 class=\"elementor-heading-title elementor-size-default\">Frisch. Hausgemacht.<br>Aus der Region.<\/h1>\t\t\t\t<\/div>\n\t\t\t\t<\/div>\n\t\t\t\t<div class=\"elementor-element elementor-element-a2f1492 elementor-widget elementor-widget-text-editor\" data-id=\"a2f1492\" data-element_type=\"widget\" data-e-type=\"widget\" data-widget_type=\"text-editor.default\">\n\t\t\t\t<div class=\"elementor-widget-container\">\n\t\t\t\t\t\t\t\t\t<p>Gute Zutaten, eigene Rezepte und ein Team, das sein Handwerk liebt \u2013 daf\u00fcr stehen wir seit \u00fcber 90 Jahren.<\/p>\t\t\t\t\t\t\t\t<\/div>\n\t\t\t\t<\/div>\n\t\t\t\t<\/div>\n\t\t<div class=\"elementor-element elementor-element-177db91 e-con-full elementor-hidden-tablet elementor-hidden-mobile e-flex elementor-invisible e-con e-child\" data-id=\"177db91\" data-element_type=\"container\" data-e-type=\"container\" data-settings=\"{&quot;background_background&quot;:&quot;classic&quot;,&quot;animation&quot;:&quot;fadeInUp&quot;}\">\n\t\t\t\t<\/div>\n\t\t<div class=\"elementor-element elementor-element-7cb29b9 e-con-full elementor-hidden-desktop e-flex elementor-invisible e-con e-child\" data-id=\"7cb29b9\" data-element_type=\"container\" data-e-type=\"container\" data-settings=\"{&quot;background_background&quot;:&quot;classic&quot;,&quot;animation&quot;:&quot;fadeInUp&quot;}\">\n\t\t\t\t<div class=\"elementor-element elementor-element-a7ec299 elementor-widget elementor-widget-image\" data-id=\"a7ec299\" data-element_type=\"widget\" data-e-type=\"widget\" data-widget_type=\"image.default\">\n\t\t\t\t<div class=\"elementor-widget-container\">\n\t\t\t\t\t\t\t\t\t\t\t\t\t\t\t<img decoding=\"async\" src=\"https:\/\/schulte-schmeckt.de\/wp-content\/uploads\/2025\/07\/0V0A6171-scaled.jpg\" title=\"0V0A6171\" alt=\"0V0A6171\" loading=\"lazy\" \/>\t\t\t\t\t\t\t\t\t\t\t\t\t\t\t<\/div>\n\t\t\t\t<\/div>\n\t\t\t\t<\/div>\n\t\t\t\t\t<\/div>\n\t\t\t\t<\/div>\n\t\t<div class=\"elementor-element elementor-element-d59d494 e-flex e-con-boxed e-con e-parent\" data-id=\"d59d494\" data-element_type=\"container\" data-e-type=\"container\">\n\t\t\t\t\t<div class=\"e-con-inner\">\n\t\t<div class=\"elementor-element elementor-element-d4e285a e-con-full e-flex elementor-invisible e-con e-child\" data-id=\"d4e285a\" data-element_type=\"container\" data-e-type=\"container\" data-settings=\"{&quot;animation&quot;:&quot;fadeInUp&quot;}\">\n\t\t\t\t<div class=\"elementor-element elementor-element-7101d2e elementor-widget elementor-widget-image\" data-id=\"7101d2e\" data-element_type=\"widget\" data-e-type=\"widget\" data-widget_type=\"image.default\">\n\t\t\t\t<div class=\"elementor-widget-container\">\n\t\t\t\t\t\t\t\t\t\t\t\t\t\t\t<img decoding=\"async\" src=\"https:\/\/schulte-schmeckt.de\/wp-content\/uploads\/2025\/07\/2D9A1173-scaled.jpg\" title=\"2D9A1173\" alt=\"2D9A1173\" loading=\"lazy\" \/>\t\t\t\t\t\t\t\t\t\t\t\t\t\t\t<\/div>\n\t\t\t\t<\/div>\n\t\t\t\t<\/div>\n\t\t<div class=\"elementor-element elementor-element-e782728 e-con-full e-flex e-con e-child\" data-id=\"e782728\" data-element_type=\"container\" data-e-type=\"container\">\n\t\t\t\t<div class=\"elementor-element elementor-element-63c28be elementor-widget elementor-widget-heading\" data-id=\"63c28be\" data-element_type=\"widget\" data-e-type=\"widget\" data-widget_type=\"heading.default\">\n\t\t\t\t<div class=\"elementor-widget-container\">\n\t\t\t\t\t<h2 class=\"elementor-heading-title elementor-size-default\">Regional verwurzelt \u2013 mit Liebe zum Handwerk<\/h2>\t\t\t\t<\/div>\n\t\t\t\t<\/div>\n\t\t\t\t<div class=\"elementor-element elementor-element-a711284 elementor-widget elementor-widget-text-editor\" data-id=\"a711284\" data-element_type=\"widget\" data-e-type=\"widget\" data-widget_type=\"text-editor.default\">\n\t\t\t\t<div class=\"elementor-widget-container\">\n\t\t\t\t\t\t\t\t\t<p>In unserer Fleischerei treffen Tradition und Geschmack aufeinander. Seit 1929 produzieren wir in Zersen hausgemachte Wurst- und Fleischwaren, die nicht nur schmecken, sondern auch ein gutes Gef\u00fchl hinterlassen. Ob Sie uns in Hameln besuchen, am Verkaufswagen einkaufen oder auf dem Wochenmarkt entdecken \u2013 bei uns erleben Sie ehrliche Qualit\u00e4t und pers\u00f6nliche Beratung.<\/p>\t\t\t\t\t\t\t\t<\/div>\n\t\t\t\t<\/div>\n\t\t\t\t<\/div>\n\t\t\t\t\t<\/div>\n\t\t\t\t<\/div>\n\t\t<div class=\"elementor-element elementor-element-6a8c92d e-flex e-con-boxed e-con e-parent\" data-id=\"6a8c92d\" data-element_type=\"container\" data-e-type=\"container\">\n\t\t\t\t\t<div class=\"e-con-inner\">\n\t\t<div class=\"elementor-element elementor-element-e96a208 e-con-full e-flex e-con e-child\" data-id=\"e96a208\" data-element_type=\"container\" data-e-type=\"container\">\n\t\t\t\t<div class=\"elementor-element elementor-element-cac6489 elementor-widget elementor-widget-heading\" data-id=\"cac6489\" data-element_type=\"widget\" data-e-type=\"widget\" data-widget_type=\"heading.default\">\n\t\t\t\t<div class=\"elementor-widget-container\">\n\t\t\t\t\t<h2 class=\"elementor-heading-title elementor-size-default\">Nachhaltig genie\u00dfen<\/h2>\t\t\t\t<\/div>\n\t\t\t\t<\/div>\n\t\t\t\t<div class=\"elementor-element elementor-element-d3917de elementor-widget elementor-widget-text-editor\" data-id=\"d3917de\" data-element_type=\"widget\" data-e-type=\"widget\" data-widget_type=\"text-editor.default\">\n\t\t\t\t<div class=\"elementor-widget-container\">\n\t\t\t\t\t\t\t\t\t<p>Unser Rindfleisch kommt von F\u00e4rsen aus dem Leinetal und Friesland. Diese F\u00e4rsen sind besonders gut marmoriert und stehen in den Sommermonaten auf der Weide. Im Winter sind Diese in Laufst\u00e4llen untergebracht was Ihnen eine m\u00f6glichst gro\u00dfe Bewegungsfreiheit garantiert und eine Artgerechte Haltung beg\u00fcnstigt. Dies hat zur Folge, dass die Tiergesundheit gef\u00f6rdert wird.<\/p>\t\t\t\t\t\t\t\t<\/div>\n\t\t\t\t<\/div>\n\t\t\t\t<\/div>\n\t\t<div class=\"elementor-element elementor-element-1389121 e-con-full e-flex elementor-invisible e-con e-child\" data-id=\"1389121\" data-element_type=\"container\" data-e-type=\"container\" data-settings=\"{&quot;animation&quot;:&quot;fadeInUp&quot;}\">\n\t\t\t\t<div class=\"elementor-element elementor-element-4c6b3d1 elementor-widget elementor-widget-image\" data-id=\"4c6b3d1\" data-element_type=\"widget\" data-e-type=\"widget\" data-widget_type=\"image.default\">\n\t\t\t\t<div class=\"elementor-widget-container\">\n\t\t\t\t\t\t\t\t\t\t\t\t\t\t\t<img decoding=\"async\" src=\"https:\/\/schulte-schmeckt.de\/wp-content\/uploads\/2025\/07\/2D9A1115-scaled.jpg\" title=\"2D9A1115\" alt=\"2D9A1115\" loading=\"lazy\" \/>\t\t\t\t\t\t\t\t\t\t\t\t\t\t\t<\/div>\n\t\t\t\t<\/div>\n\t\t\t\t<\/div>\n\t\t\t\t\t<\/div>\n\t\t\t\t<\/div>\n\t\t<div class=\"elementor-element elementor-element-a46fe4e e-flex e-con-boxed e-con e-parent\" data-id=\"a46fe4e\" data-element_type=\"container\" data-e-type=\"container\" data-settings=\"{&quot;background_background&quot;:&quot;classic&quot;}\">\n\t\t\t\t\t<div class=\"e-con-inner\">\n\t\t<div class=\"elementor-element elementor-element-69e684a e-con-full e-flex elementor-invisible e-con e-child\" data-id=\"69e684a\" data-element_type=\"container\" data-e-type=\"container\" data-settings=\"{&quot;animation&quot;:&quot;fadeInUp&quot;}\">\n\t\t\t\t<div class=\"elementor-element elementor-element-a9fa3ec elementor-widget elementor-widget-image\" data-id=\"a9fa3ec\" data-element_type=\"widget\" data-e-type=\"widget\" data-widget_type=\"image.default\">\n\t\t\t\t<div class=\"elementor-widget-container\">\n\t\t\t\t\t\t\t\t\t\t\t\t\t\t\t<img decoding=\"async\" src=\"https:\/\/schulte-schmeckt.de\/wp-content\/uploads\/2025\/07\/2D9A1504-scaled.jpg\" title=\"2D9A1504\" alt=\"2D9A1504\" loading=\"lazy\" \/>\t\t\t\t\t\t\t\t\t\t\t\t\t\t\t<\/div>\n\t\t\t\t<\/div>\n\t\t\t\t<\/div>\n\t\t<div class=\"elementor-element elementor-element-301acfe e-con-full e-flex e-con e-child\" data-id=\"301acfe\" data-element_type=\"container\" data-e-type=\"container\">\n\t\t\t\t<div class=\"elementor-element elementor-element-e1cf7cf elementor-widget elementor-widget-heading\" data-id=\"e1cf7cf\" data-element_type=\"widget\" data-e-type=\"widget\" data-widget_type=\"heading.default\">\n\t\t\t\t<div class=\"elementor-widget-container\">\n\t\t\t\t\t<h2 class=\"elementor-heading-title elementor-size-default\">F\u00fcr jeden Tag und besondere Anl\u00e4sse<\/h2>\t\t\t\t<\/div>\n\t\t\t\t<\/div>\n\t\t\t\t<div class=\"elementor-element elementor-element-e0c7106 elementor-widget elementor-widget-text-editor\" data-id=\"e0c7106\" data-element_type=\"widget\" data-e-type=\"widget\" data-widget_type=\"text-editor.default\">\n\t\t\t\t<div class=\"elementor-widget-container\">\n\t\t\t\t\t\t\t\t\t<p>Unsere hei\u00dfe Theke bietet wechselnde Mittagsgerichte zum Mitnehmen. Wenn Sie eine Feier planen, stehen wir Ihnen mit unserem <strong><a href=\"https:\/\/schulte-schmeckt.de\/index.php\/partyservice-catering\/\">Partyservice<\/a><\/strong> zur Seite \u2013 individuell abgestimmt auf Ihren Anlass, gerne auch mit vegetarischen oder veganen Alternativen.<\/p>\t\t\t\t\t\t\t\t<\/div>\n\t\t\t\t<\/div>\n\t\t\t\t<\/div>\n\t\t\t\t\t<\/div>\n\t\t\t\t<\/div>\n\t\t<div class=\"elementor-element elementor-element-be98677 e-flex e-con-boxed e-con e-parent\" data-id=\"be98677\" data-element_type=\"container\" data-e-type=\"container\" data-settings=\"{&quot;background_background&quot;:&quot;classic&quot;,&quot;shape_divider_top&quot;:&quot;tilt&quot;}\">\n\t\t\t\t\t<div class=\"e-con-inner\">\n\t\t\t\t<div class=\"elementor-shape elementor-shape-top\" aria-hidden=\"true\" data-negative=\"false\">\n\t\t\t<svg xmlns=\"http:\/\/www.w3.org\/2000\/svg\" viewBox=\"0 0 1000 100\" preserveAspectRatio=\"none\">\n\t<path class=\"elementor-shape-fill\" d=\"M0,6V0h1000v100L0,6z\"\/>\n<\/svg>\t\t<\/div>\n\t\t<div class=\"elementor-element elementor-element-b2a13bc e-con-full e-flex e-con e-child\" data-id=\"b2a13bc\" data-element_type=\"container\" data-e-type=\"container\" data-settings=\"{&quot;background_background&quot;:&quot;classic&quot;,&quot;animation&quot;:&quot;none&quot;}\">\n\t\t\t\t<div class=\"elementor-element elementor-element-d3f60bb elementor-widget elementor-widget-text-editor\" data-id=\"d3f60bb\" data-element_type=\"widget\" data-e-type=\"widget\" data-widget_type=\"text-editor.default\">\n\t\t\t\t<div class=\"elementor-widget-container\">\n\t\t\t\t\t\t\t\t\t<h2>Lust auf echten Geschmack?<\/h2><p>Besuchen Sie uns in einer unserer Filialen, auf dem Wochenmarkt oder direkt am Verkaufswagen. Wir freuen uns auf Sie \u2013 und beraten Sie gern pers\u00f6nlich.<\/p>\t\t\t\t\t\t\t\t<\/div>\n\t\t\t\t<\/div>\n\t\t\t\t<div class=\"elementor-element elementor-element-3ae518b elementor-widget elementor-widget-button\" data-id=\"3ae518b\" data-element_type=\"widget\" data-e-type=\"widget\" data-widget_type=\"button.default\">\n\t\t\t\t<div class=\"elementor-widget-container\">\n\t\t\t\t\t\t\t\t\t<div class=\"elementor-button-wrapper\">\n\t\t\t\t\t<a class=\"elementor-button elementor-button-link elementor-size-sm\" href=\"https:\/\/schulte-schmeckt.de\/index.php\/unsere-standorte\/\">\n\t\t\t\t\t\t<span class=\"elementor-button-content-wrapper\">\n\t\t\t\t\t\t<span class=\"elementor-button-icon\">\n\t\t\t\t<svg aria-hidden=\"true\" class=\"e-font-icon-svg e-fas-angle-right\" viewBox=\"0 0 256 512\" xmlns=\"http:\/\/www.w3.org\/2000\/svg\"><path d=\"M224.3 273l-136 136c-9.4 9.4-24.6 9.4-33.9 0l-22.6-22.6c-9.4-9.4-9.4-24.6 0-33.9l96.4-96.4-96.4-96.4c-9.4-9.4-9.4-24.6 0-33.9L54.3 103c9.4-9.4 24.6-9.4 33.9 0l136 136c9.5 9.4 9.5 24.6.1 34z\"><\/path><\/svg>\t\t\t<\/span>\n\t\t\t\t\t\t\t\t\t<span class=\"elementor-button-text\">Hier sind wir zu finden<\/span>\n\t\t\t\t\t<\/span>\n\t\t\t\t\t<\/a>\n\t\t\t\t<\/div>\n\t\t\t\t\t\t\t\t<\/div>\n\t\t\t\t<\/div>\n\t\t\t\t<\/div>\n\t\t\t\t\t<\/div>\n\t\t\t\t<\/div>\n\t\t\t\t<\/div>\n\t\t","protected":false},"excerpt":{"rendered":"<p>Frisch. Hausgemacht.Aus der Region. Gute Zutaten, eigene Rezepte und ein Team, das sein Handwerk liebt \u2013 daf\u00fcr stehen wir seit \u00fcber 90 Jahren. Regional verwurzelt \u2013 mit Liebe zum Handwerk In unserer Fleischerei treffen Tradition und Geschmack aufeinander. Seit 1929 produzieren wir in Zersen hausgemachte Wurst- und Fleischwaren, die nicht nur schmecken, sondern auch ein [&hellip;]<\/p>\n","protected":false},"author":1,"featured_media":0,"parent":1025,"menu_order":0,"comment_status":"closed","ping_status":"closed","template":"","meta":{"_acf_changed":false,"postBodyCss":"","postBodyMargin":[],"postBodyPadding":[],"postBodyBackground":{"backgroundType":"classic","gradient":""},"footnotes":""},"class_list":["post-739","page","type-page","status-publish","hentry"],"acf":[],"yoast_head":"<!-- This site is optimized with the Yoast SEO plugin v27.4 - https:\/\/yoast.com\/product\/yoast-seo-wordpress\/ -->\n<title>F\u00fcr Privatkunden - Schulte Partyservice GmbH<\/title>\n<meta name=\"robots\" content=\"index, follow, max-snippet:-1, max-image-preview:large, max-video-preview:-1\" \/>\n<link rel=\"canonical\" href=\"https:\/\/schulte-schmeckt.de\/index.php\/fleischerei\/fuer-privatkunden\/\" \/>\n<meta property=\"og:locale\" content=\"de_DE\" \/>\n<meta property=\"og:type\" content=\"article\" \/>\n<meta property=\"og:title\" content=\"F\u00fcr Privatkunden - Schulte Partyservice GmbH\" \/>\n<meta property=\"og:description\" content=\"Frisch. Hausgemacht.Aus der Region. Gute Zutaten, eigene Rezepte und ein Team, das sein Handwerk liebt \u2013 daf\u00fcr stehen wir seit \u00fcber 90 Jahren. Regional verwurzelt \u2013 mit Liebe zum Handwerk In unserer Fleischerei treffen Tradition und Geschmack aufeinander. Seit 1929 produzieren wir in Zersen hausgemachte Wurst- und Fleischwaren, die nicht nur schmecken, sondern auch ein [&hellip;]\" \/>\n<meta property=\"og:url\" content=\"https:\/\/schulte-schmeckt.de\/index.php\/fleischerei\/fuer-privatkunden\/\" \/>\n<meta property=\"og:site_name\" content=\"Schulte Partyservice GmbH\" \/>\n<meta property=\"article:modified_time\" content=\"2025-10-08T15:37:00+00:00\" \/>\n<meta property=\"og:image\" content=\"https:\/\/schulte-schmeckt.de\/wp-content\/uploads\/2025\/07\/0V0A6171-scaled.jpg\" \/>\n<meta name=\"twitter:card\" content=\"summary_large_image\" \/>\n<meta name=\"twitter:label1\" content=\"Gesch\u00e4tzte Lesezeit\" \/>\n\t<meta name=\"twitter:data1\" content=\"2\u00a0Minuten\" \/>\n<script type=\"application\/ld+json\" class=\"yoast-schema-graph\">{\"@context\":\"https:\\\/\\\/schema.org\",\"@graph\":[{\"@type\":\"WebPage\",\"@id\":\"https:\\\/\\\/schulte-schmeckt.de\\\/index.php\\\/fleischerei\\\/fuer-privatkunden\\\/\",\"url\":\"https:\\\/\\\/schulte-schmeckt.de\\\/index.php\\\/fleischerei\\\/fuer-privatkunden\\\/\",\"name\":\"F\u00fcr Privatkunden - Schulte Partyservice GmbH\",\"isPartOf\":{\"@id\":\"https:\\\/\\\/schulte-schmeckt.de\\\/#website\"},\"primaryImageOfPage\":{\"@id\":\"https:\\\/\\\/schulte-schmeckt.de\\\/index.php\\\/fleischerei\\\/fuer-privatkunden\\\/#primaryimage\"},\"image\":{\"@id\":\"https:\\\/\\\/schulte-schmeckt.de\\\/index.php\\\/fleischerei\\\/fuer-privatkunden\\\/#primaryimage\"},\"thumbnailUrl\":\"https:\\\/\\\/schulte-schmeckt.de\\\/wp-content\\\/uploads\\\/2025\\\/07\\\/0V0A6171-scaled.jpg\",\"datePublished\":\"2025-07-16T15:30:28+00:00\",\"dateModified\":\"2025-10-08T15:37:00+00:00\",\"breadcrumb\":{\"@id\":\"https:\\\/\\\/schulte-schmeckt.de\\\/index.php\\\/fleischerei\\\/fuer-privatkunden\\\/#breadcrumb\"},\"inLanguage\":\"de\",\"potentialAction\":[{\"@type\":\"ReadAction\",\"target\":[\"https:\\\/\\\/schulte-schmeckt.de\\\/index.php\\\/fleischerei\\\/fuer-privatkunden\\\/\"]}]},{\"@type\":\"ImageObject\",\"inLanguage\":\"de\",\"@id\":\"https:\\\/\\\/schulte-schmeckt.de\\\/index.php\\\/fleischerei\\\/fuer-privatkunden\\\/#primaryimage\",\"url\":\"https:\\\/\\\/schulte-schmeckt.de\\\/wp-content\\\/uploads\\\/2025\\\/07\\\/0V0A6171-scaled.jpg\",\"contentUrl\":\"https:\\\/\\\/schulte-schmeckt.de\\\/wp-content\\\/uploads\\\/2025\\\/07\\\/0V0A6171-scaled.jpg\",\"width\":2560,\"height\":1707},{\"@type\":\"BreadcrumbList\",\"@id\":\"https:\\\/\\\/schulte-schmeckt.de\\\/index.php\\\/fleischerei\\\/fuer-privatkunden\\\/#breadcrumb\",\"itemListElement\":[{\"@type\":\"ListItem\",\"position\":1,\"name\":\"Startseite\",\"item\":\"https:\\\/\\\/schulte-schmeckt.de\\\/\"},{\"@type\":\"ListItem\",\"position\":2,\"name\":\"Fleischerei\",\"item\":\"https:\\\/\\\/schulte-schmeckt.de\\\/index.php\\\/fleischerei\\\/\"},{\"@type\":\"ListItem\",\"position\":3,\"name\":\"F\u00fcr Privatkunden\"}]},{\"@type\":\"WebSite\",\"@id\":\"https:\\\/\\\/schulte-schmeckt.de\\\/#website\",\"url\":\"https:\\\/\\\/schulte-schmeckt.de\\\/\",\"name\":\"Schulte Partyservice GmbH\",\"description\":\"\",\"publisher\":{\"@id\":\"https:\\\/\\\/schulte-schmeckt.de\\\/#organization\"},\"potentialAction\":[{\"@type\":\"SearchAction\",\"target\":{\"@type\":\"EntryPoint\",\"urlTemplate\":\"https:\\\/\\\/schulte-schmeckt.de\\\/?s={search_term_string}\"},\"query-input\":{\"@type\":\"PropertyValueSpecification\",\"valueRequired\":true,\"valueName\":\"search_term_string\"}}],\"inLanguage\":\"de\"},{\"@type\":\"Organization\",\"@id\":\"https:\\\/\\\/schulte-schmeckt.de\\\/#organization\",\"name\":\"Schulte Partyservice GmbH\",\"url\":\"https:\\\/\\\/schulte-schmeckt.de\\\/\",\"logo\":{\"@type\":\"ImageObject\",\"inLanguage\":\"de\",\"@id\":\"https:\\\/\\\/schulte-schmeckt.de\\\/#\\\/schema\\\/logo\\\/image\\\/\",\"url\":\"https:\\\/\\\/schulte-schmeckt.de\\\/wp-content\\\/uploads\\\/2025\\\/05\\\/schulte-logo-black.png\",\"contentUrl\":\"https:\\\/\\\/schulte-schmeckt.de\\\/wp-content\\\/uploads\\\/2025\\\/05\\\/schulte-logo-black.png\",\"width\":1800,\"height\":1412,\"caption\":\"Schulte Partyservice GmbH\"},\"image\":{\"@id\":\"https:\\\/\\\/schulte-schmeckt.de\\\/#\\\/schema\\\/logo\\\/image\\\/\"}}]}<\/script>\n<!-- \/ Yoast SEO plugin. -->","yoast_head_json":{"title":"F\u00fcr Privatkunden - Schulte Partyservice GmbH","robots":{"index":"index","follow":"follow","max-snippet":"max-snippet:-1","max-image-preview":"max-image-preview:large","max-video-preview":"max-video-preview:-1"},"canonical":"https:\/\/schulte-schmeckt.de\/index.php\/fleischerei\/fuer-privatkunden\/","og_locale":"de_DE","og_type":"article","og_title":"F\u00fcr Privatkunden - Schulte Partyservice GmbH","og_description":"Frisch. Hausgemacht.Aus der Region. Gute Zutaten, eigene Rezepte und ein Team, das sein Handwerk liebt \u2013 daf\u00fcr stehen wir seit \u00fcber 90 Jahren. Regional verwurzelt \u2013 mit Liebe zum Handwerk In unserer Fleischerei treffen Tradition und Geschmack aufeinander. Seit 1929 produzieren wir in Zersen hausgemachte Wurst- und Fleischwaren, die nicht nur schmecken, sondern auch ein [&hellip;]","og_url":"https:\/\/schulte-schmeckt.de\/index.php\/fleischerei\/fuer-privatkunden\/","og_site_name":"Schulte Partyservice GmbH","article_modified_time":"2025-10-08T15:37:00+00:00","og_image":[{"url":"https:\/\/schulte-schmeckt.de\/wp-content\/uploads\/2025\/07\/0V0A6171-scaled.jpg","type":"","width":"","height":""}],"twitter_card":"summary_large_image","twitter_misc":{"Gesch\u00e4tzte Lesezeit":"2\u00a0Minuten"},"schema":{"@context":"https:\/\/schema.org","@graph":[{"@type":"WebPage","@id":"https:\/\/schulte-schmeckt.de\/index.php\/fleischerei\/fuer-privatkunden\/","url":"https:\/\/schulte-schmeckt.de\/index.php\/fleischerei\/fuer-privatkunden\/","name":"F\u00fcr Privatkunden - Schulte Partyservice GmbH","isPartOf":{"@id":"https:\/\/schulte-schmeckt.de\/#website"},"primaryImageOfPage":{"@id":"https:\/\/schulte-schmeckt.de\/index.php\/fleischerei\/fuer-privatkunden\/#primaryimage"},"image":{"@id":"https:\/\/schulte-schmeckt.de\/index.php\/fleischerei\/fuer-privatkunden\/#primaryimage"},"thumbnailUrl":"https:\/\/schulte-schmeckt.de\/wp-content\/uploads\/2025\/07\/0V0A6171-scaled.jpg","datePublished":"2025-07-16T15:30:28+00:00","dateModified":"2025-10-08T15:37:00+00:00","breadcrumb":{"@id":"https:\/\/schulte-schmeckt.de\/index.php\/fleischerei\/fuer-privatkunden\/#breadcrumb"},"inLanguage":"de","potentialAction":[{"@type":"ReadAction","target":["https:\/\/schulte-schmeckt.de\/index.php\/fleischerei\/fuer-privatkunden\/"]}]},{"@type":"ImageObject","inLanguage":"de","@id":"https:\/\/schulte-schmeckt.de\/index.php\/fleischerei\/fuer-privatkunden\/#primaryimage","url":"https:\/\/schulte-schmeckt.de\/wp-content\/uploads\/2025\/07\/0V0A6171-scaled.jpg","contentUrl":"https:\/\/schulte-schmeckt.de\/wp-content\/uploads\/2025\/07\/0V0A6171-scaled.jpg","width":2560,"height":1707},{"@type":"BreadcrumbList","@id":"https:\/\/schulte-schmeckt.de\/index.php\/fleischerei\/fuer-privatkunden\/#breadcrumb","itemListElement":[{"@type":"ListItem","position":1,"name":"Startseite","item":"https:\/\/schulte-schmeckt.de\/"},{"@type":"ListItem","position":2,"name":"Fleischerei","item":"https:\/\/schulte-schmeckt.de\/index.php\/fleischerei\/"},{"@type":"ListItem","position":3,"name":"F\u00fcr Privatkunden"}]},{"@type":"WebSite","@id":"https:\/\/schulte-schmeckt.de\/#website","url":"https:\/\/schulte-schmeckt.de\/","name":"Schulte Partyservice GmbH","description":"","publisher":{"@id":"https:\/\/schulte-schmeckt.de\/#organization"},"potentialAction":[{"@type":"SearchAction","target":{"@type":"EntryPoint","urlTemplate":"https:\/\/schulte-schmeckt.de\/?s={search_term_string}"},"query-input":{"@type":"PropertyValueSpecification","valueRequired":true,"valueName":"search_term_string"}}],"inLanguage":"de"},{"@type":"Organization","@id":"https:\/\/schulte-schmeckt.de\/#organization","name":"Schulte Partyservice GmbH","url":"https:\/\/schulte-schmeckt.de\/","logo":{"@type":"ImageObject","inLanguage":"de","@id":"https:\/\/schulte-schmeckt.de\/#\/schema\/logo\/image\/","url":"https:\/\/schulte-schmeckt.de\/wp-content\/uploads\/2025\/05\/schulte-logo-black.png","contentUrl":"https:\/\/schulte-schmeckt.de\/wp-content\/uploads\/2025\/05\/schulte-logo-black.png","width":1800,"height":1412,"caption":"Schulte Partyservice GmbH"},"image":{"@id":"https:\/\/schulte-schmeckt.de\/#\/schema\/logo\/image\/"}}]}},"_links":{"self":[{"href":"https:\/\/schulte-schmeckt.de\/index.php\/wp-json\/wp\/v2\/pages\/739","targetHints":{"allow":["GET"]}}],"collection":[{"href":"https:\/\/schulte-schmeckt.de\/index.php\/wp-json\/wp\/v2\/pages"}],"about":[{"href":"https:\/\/schulte-schmeckt.de\/index.php\/wp-json\/wp\/v2\/types\/page"}],"author":[{"embeddable":true,"href":"https:\/\/schulte-schmeckt.de\/index.php\/wp-json\/wp\/v2\/users\/1"}],"replies":[{"embeddable":true,"href":"https:\/\/schulte-schmeckt.de\/index.php\/wp-json\/wp\/v2\/comments?post=739"}],"version-history":[{"count":26,"href":"https:\/\/schulte-schmeckt.de\/index.php\/wp-json\/wp\/v2\/pages\/739\/revisions"}],"predecessor-version":[{"id":1110,"href":"https:\/\/schulte-schmeckt.de\/index.php\/wp-json\/wp\/v2\/pages\/739\/revisions\/1110"}],"up":[{"embeddable":true,"href":"https:\/\/schulte-schmeckt.de\/index.php\/wp-json\/wp\/v2\/pages\/1025"}],"wp:attachment":[{"href":"https:\/\/schulte-schmeckt.de\/index.php\/wp-json\/wp\/v2\/media?parent=739"}],"curies":[{"name":"wp","href":"https:\/\/api.w.org\/{rel}","templated":true}]}}