{"id":754,"date":"2025-07-16T15:43:20","date_gmt":"2025-07-16T15:43:20","guid":{"rendered":"https:\/\/schulte-schmeckt.de\/?page_id=754"},"modified":"2025-10-08T15:38:57","modified_gmt":"2025-10-08T15:38:57","slug":"fuer-vereine-veranstalter-grossabnehmer","status":"publish","type":"page","link":"https:\/\/schulte-schmeckt.de\/index.php\/fleischerei\/fuer-vereine-veranstalter-grossabnehmer\/","title":{"rendered":"F\u00fcr Vereine, Veranstalter &amp; Gro\u00dfabnehmer"},"content":{"rendered":"\t\t<div data-elementor-type=\"wp-page\" data-elementor-id=\"754\" class=\"elementor elementor-754\" data-elementor-post-type=\"page\">\n\t\t\t\t<div class=\"elementor-element elementor-element-d946e6b e-flex e-con-boxed e-con e-parent\" data-id=\"d946e6b\" data-element_type=\"container\" data-e-type=\"container\" data-settings=\"{&quot;background_background&quot;:&quot;classic&quot;,&quot;shape_divider_bottom&quot;:&quot;tilt&quot;}\">\n\t\t\t\t\t<div class=\"e-con-inner\">\n\t\t\t\t<div class=\"elementor-shape elementor-shape-bottom\" aria-hidden=\"true\" data-negative=\"false\">\n\t\t\t<svg xmlns=\"http:\/\/www.w3.org\/2000\/svg\" viewBox=\"0 0 1000 100\" preserveAspectRatio=\"none\">\n\t<path class=\"elementor-shape-fill\" d=\"M0,6V0h1000v100L0,6z\"\/>\n<\/svg>\t\t<\/div>\n\t\t<div class=\"elementor-element elementor-element-b9fe29c e-con-full e-flex e-con e-child\" data-id=\"b9fe29c\" data-element_type=\"container\" data-e-type=\"container\" data-settings=\"{&quot;animation&quot;:&quot;none&quot;}\">\n\t\t\t\t<div class=\"elementor-element elementor-element-837929c elementor-align-left elementor-widget elementor-widget-breadcrumbs\" data-id=\"837929c\" data-element_type=\"widget\" data-e-type=\"widget\" data-widget_type=\"breadcrumbs.default\">\n\t\t\t\t<div class=\"elementor-widget-container\">\n\t\t\t\t\t<p id=\"breadcrumbs\"><span><span><a href=\"https:\/\/schulte-schmeckt.de\/\">Startseite<\/a><\/span><\/span><\/p>\t\t\t\t<\/div>\n\t\t\t\t<\/div>\n\t\t\t\t<div class=\"elementor-element elementor-element-f9fbc78 elementor-widget elementor-widget-heading\" data-id=\"f9fbc78\" data-element_type=\"widget\" data-e-type=\"widget\" data-widget_type=\"heading.default\">\n\t\t\t\t<div class=\"elementor-widget-container\">\n\t\t\t\t\t<h1 class=\"elementor-heading-title elementor-size-default\"> Gro\u00dfe Mengen. Guter Geschmack. Direkt vom Fachbetrieb.<\/h1>\t\t\t\t<\/div>\n\t\t\t\t<\/div>\n\t\t\t\t<div class=\"elementor-element elementor-element-4150287 elementor-widget elementor-widget-text-editor\" data-id=\"4150287\" data-element_type=\"widget\" data-e-type=\"widget\" data-widget_type=\"text-editor.default\">\n\t\t\t\t<div class=\"elementor-widget-container\">\n\t\t\t\t\t\t\t\t\t<p>Ob 100 Steaks f\u00fcr das Vereinsfest oder 1000 W\u00fcrstchen f\u00fcr das n\u00e4chste Stra\u00dfenfest, deftige Eint\u00f6pfe f\u00fcr das n\u00e4chste Zeltlager und den passenden Aufschnitt f\u00fcr Euer Fr\u00fchst\u00fcck \u2013 bei uns bekommst Du frische Ware in der Menge, die Du brauchst!<\/p><p>Den Schweiner\u00fccken f\u00fcr Dein Restaurant und den Bayrischen Leberk\u00e4se f\u00fcr Deinen Biergarten bekommst Du nat\u00fcrlich auch in Handwerksqualit\u00e4t zu Gro\u00dfabnehmerkonditionen.<\/p>\t\t\t\t\t\t\t\t<\/div>\n\t\t\t\t<\/div>\n\t\t\t\t<\/div>\n\t\t<div class=\"elementor-element elementor-element-a936ba2 e-con-full elementor-hidden-tablet elementor-hidden-mobile e-flex elementor-invisible e-con e-child\" data-id=\"a936ba2\" data-element_type=\"container\" data-e-type=\"container\" data-settings=\"{&quot;background_background&quot;:&quot;classic&quot;,&quot;animation&quot;:&quot;fadeInUp&quot;}\">\n\t\t\t\t<\/div>\n\t\t<div class=\"elementor-element elementor-element-b7b9d0b e-con-full elementor-hidden-desktop e-flex elementor-invisible e-con e-child\" data-id=\"b7b9d0b\" data-element_type=\"container\" data-e-type=\"container\" data-settings=\"{&quot;background_background&quot;:&quot;classic&quot;,&quot;animation&quot;:&quot;fadeInUp&quot;}\">\n\t\t\t\t<div class=\"elementor-element elementor-element-87fc9d3 elementor-widget elementor-widget-image\" data-id=\"87fc9d3\" data-element_type=\"widget\" data-e-type=\"widget\" data-widget_type=\"image.default\">\n\t\t\t\t<div class=\"elementor-widget-container\">\n\t\t\t\t\t\t\t\t\t\t\t\t\t\t\t<img decoding=\"async\" src=\"https:\/\/schulte-schmeckt.de\/wp-content\/uploads\/2025\/07\/2D9A1282-scaled.jpg\" title=\"2D9A1282\" alt=\"2D9A1282\" loading=\"lazy\" \/>\t\t\t\t\t\t\t\t\t\t\t\t\t\t\t<\/div>\n\t\t\t\t<\/div>\n\t\t\t\t<\/div>\n\t\t\t\t\t<\/div>\n\t\t\t\t<\/div>\n\t\t<div class=\"elementor-element elementor-element-65882df e-flex e-con-boxed e-con e-parent\" data-id=\"65882df\" data-element_type=\"container\" data-e-type=\"container\">\n\t\t\t\t\t<div class=\"e-con-inner\">\n\t\t<div class=\"elementor-element elementor-element-95d2f2e e-con-full e-flex elementor-invisible e-con e-child\" data-id=\"95d2f2e\" data-element_type=\"container\" data-e-type=\"container\" data-settings=\"{&quot;animation&quot;:&quot;fadeInUp&quot;}\">\n\t\t\t\t<div class=\"elementor-element elementor-element-59df8d5 elementor-widget elementor-widget-image\" data-id=\"59df8d5\" data-element_type=\"widget\" data-e-type=\"widget\" data-widget_type=\"image.default\">\n\t\t\t\t<div class=\"elementor-widget-container\">\n\t\t\t\t\t\t\t\t\t\t\t\t\t\t\t<img decoding=\"async\" src=\"https:\/\/schulte-schmeckt.de\/wp-content\/uploads\/2025\/07\/2D9A1337-scaled.jpg\" title=\"2D9A1337\" alt=\"2D9A1337\" loading=\"lazy\" \/>\t\t\t\t\t\t\t\t\t\t\t\t\t\t\t<\/div>\n\t\t\t\t<\/div>\n\t\t\t\t<\/div>\n\t\t<div class=\"elementor-element elementor-element-fd20506 e-con-full e-flex e-con e-child\" data-id=\"fd20506\" data-element_type=\"container\" data-e-type=\"container\">\n\t\t\t\t<div class=\"elementor-element elementor-element-e0d7ba8 elementor-widget elementor-widget-heading\" data-id=\"e0d7ba8\" data-element_type=\"widget\" data-e-type=\"widget\" data-widget_type=\"heading.default\">\n\t\t\t\t<div class=\"elementor-widget-container\">\n\t\t\t\t\t<h2 class=\"elementor-heading-title elementor-size-default\">Alles f\u00fcr Ihr Fest<\/h2>\t\t\t\t<\/div>\n\t\t\t\t<\/div>\n\t\t\t\t<div class=\"elementor-element elementor-element-8691a53 elementor-widget elementor-widget-text-editor\" data-id=\"8691a53\" data-element_type=\"widget\" data-e-type=\"widget\" data-widget_type=\"text-editor.default\">\n\t\t\t\t<div class=\"elementor-widget-container\">\n\t\t\t\t\t\t\t\t\t<p>Du planst ein Grillfest, ein Jubil\u00e4um oder ein Wochenende mit dem ganzen Verein? Dann bist Du bei uns richtig. Wir liefern Bratw\u00fcrstchen, Frikadellen, belegte Br\u00f6tchen, Eint\u00f6pfe und vieles mehr in gro\u00dfen Mengen \u2013 fertig vorbereitet und zuverl\u00e4ssig geliefert. Keine Men\u00fckarten, keine Dekoplatten \u2013 einfach gutes, hausgemachtes Essen f\u00fcr viele.<\/p>\t\t\t\t\t\t\t\t<\/div>\n\t\t\t\t<\/div>\n\t\t\t\t<\/div>\n\t\t\t\t\t<\/div>\n\t\t\t\t<\/div>\n\t\t<div class=\"elementor-element elementor-element-76c73ad e-flex e-con-boxed e-con e-parent\" data-id=\"76c73ad\" data-element_type=\"container\" data-e-type=\"container\">\n\t\t\t\t\t<div class=\"e-con-inner\">\n\t\t<div class=\"elementor-element elementor-element-2645f59 e-con-full e-flex e-con e-child\" data-id=\"2645f59\" data-element_type=\"container\" data-e-type=\"container\">\n\t\t\t\t<div class=\"elementor-element elementor-element-fa46335 elementor-widget elementor-widget-heading\" data-id=\"fa46335\" data-element_type=\"widget\" data-e-type=\"widget\" data-widget_type=\"heading.default\">\n\t\t\t\t<div class=\"elementor-widget-container\">\n\t\t\t\t\t<h2 class=\"elementor-heading-title elementor-size-default\">Handwerklich, regional, verantwortungsvoll<\/h2>\t\t\t\t<\/div>\n\t\t\t\t<\/div>\n\t\t\t\t<div class=\"elementor-element elementor-element-22623ff elementor-widget elementor-widget-text-editor\" data-id=\"22623ff\" data-element_type=\"widget\" data-e-type=\"widget\" data-widget_type=\"text-editor.default\">\n\t\t\t\t<div class=\"elementor-widget-container\">\n\t\t\t\t\t\t\t\t\t<p>Unser Fleisch stammt von H\u00f6fen aus dem Weserbergland und der Leineregion. Diese regionalen Rohstoffe verarbeiten wir in unserer Produktion in Zersen nach traditionellen Rezepturen \u2013 ohne unn\u00f6tige Zusatzstoffe, daf\u00fcr mit viel Erfahrung.<\/p>\t\t\t\t\t\t\t\t<\/div>\n\t\t\t\t<\/div>\n\t\t\t\t<\/div>\n\t\t<div class=\"elementor-element elementor-element-aa16c8e e-con-full e-flex elementor-invisible e-con e-child\" data-id=\"aa16c8e\" data-element_type=\"container\" data-e-type=\"container\" data-settings=\"{&quot;animation&quot;:&quot;fadeInUp&quot;}\">\n\t\t\t\t<div class=\"elementor-element elementor-element-20a1575 elementor-widget elementor-widget-image\" data-id=\"20a1575\" data-element_type=\"widget\" data-e-type=\"widget\" data-widget_type=\"image.default\">\n\t\t\t\t<div class=\"elementor-widget-container\">\n\t\t\t\t\t\t\t\t\t\t\t\t\t\t\t<img decoding=\"async\" src=\"https:\/\/schulte-schmeckt.de\/wp-content\/uploads\/2025\/07\/2D9A1453-scaled.jpg\" title=\"2D9A1453\" alt=\"2D9A1453\" loading=\"lazy\" \/>\t\t\t\t\t\t\t\t\t\t\t\t\t\t\t<\/div>\n\t\t\t\t<\/div>\n\t\t\t\t<\/div>\n\t\t\t\t\t<\/div>\n\t\t\t\t<\/div>\n\t\t<div class=\"elementor-element elementor-element-7d32e62 e-flex e-con-boxed e-con e-parent\" data-id=\"7d32e62\" data-element_type=\"container\" data-e-type=\"container\" data-settings=\"{&quot;background_background&quot;:&quot;classic&quot;}\">\n\t\t\t\t\t<div class=\"e-con-inner\">\n\t\t<div class=\"elementor-element elementor-element-63a36ea e-con-full e-flex elementor-invisible e-con e-child\" data-id=\"63a36ea\" data-element_type=\"container\" data-e-type=\"container\" data-settings=\"{&quot;animation&quot;:&quot;fadeInUp&quot;}\">\n\t\t\t\t<div class=\"elementor-element elementor-element-444608b elementor-widget elementor-widget-image\" data-id=\"444608b\" data-element_type=\"widget\" data-e-type=\"widget\" data-widget_type=\"image.default\">\n\t\t\t\t<div class=\"elementor-widget-container\">\n\t\t\t\t\t\t\t\t\t\t\t\t\t\t\t<img decoding=\"async\" src=\"https:\/\/schulte-schmeckt.de\/wp-content\/uploads\/2025\/07\/2D9A1423-scaled.jpg\" title=\"2D9A1423\" alt=\"2D9A1423\" loading=\"lazy\" \/>\t\t\t\t\t\t\t\t\t\t\t\t\t\t\t<\/div>\n\t\t\t\t<\/div>\n\t\t\t\t<\/div>\n\t\t<div class=\"elementor-element elementor-element-46a852c e-con-full e-flex e-con e-child\" data-id=\"46a852c\" data-element_type=\"container\" data-e-type=\"container\">\n\t\t\t\t<div class=\"elementor-element elementor-element-bfadbd7 elementor-widget elementor-widget-heading\" data-id=\"bfadbd7\" data-element_type=\"widget\" data-e-type=\"widget\" data-widget_type=\"heading.default\">\n\t\t\t\t<div class=\"elementor-widget-container\">\n\t\t\t\t\t<h2 class=\"elementor-heading-title elementor-size-default\">Pers\u00f6nlich &amp; unkompliziert<\/h2>\t\t\t\t<\/div>\n\t\t\t\t<\/div>\n\t\t\t\t<div class=\"elementor-element elementor-element-a86ea0a elementor-widget elementor-widget-text-editor\" data-id=\"a86ea0a\" data-element_type=\"widget\" data-e-type=\"widget\" data-widget_type=\"text-editor.default\">\n\t\t\t\t<div class=\"elementor-widget-container\">\n\t\t\t\t\t\t\t\t\t<p>Wir wissen, dass Vereinsarbeit oft ehrenamtlich l\u00e4uft und viele Dinge auf einmal zu organisieren sind. Deshalb machen wir\u2019s einfach: kurze Wege, direkte Beratung, faire Preise. Sprich uns an \u2013 wir freuen uns auf Deine Anfrage.<\/p>\t\t\t\t\t\t\t\t<\/div>\n\t\t\t\t<\/div>\n\t\t\t\t<\/div>\n\t\t\t\t\t<\/div>\n\t\t\t\t<\/div>\n\t\t<div class=\"elementor-element elementor-element-eae8eb0 e-flex e-con-boxed e-con e-parent\" data-id=\"eae8eb0\" data-element_type=\"container\" data-e-type=\"container\" data-settings=\"{&quot;background_background&quot;:&quot;classic&quot;,&quot;shape_divider_top&quot;:&quot;tilt&quot;}\">\n\t\t\t\t\t<div class=\"e-con-inner\">\n\t\t\t\t<div class=\"elementor-shape elementor-shape-top\" aria-hidden=\"true\" data-negative=\"false\">\n\t\t\t<svg xmlns=\"http:\/\/www.w3.org\/2000\/svg\" viewBox=\"0 0 1000 100\" preserveAspectRatio=\"none\">\n\t<path class=\"elementor-shape-fill\" d=\"M0,6V0h1000v100L0,6z\"\/>\n<\/svg>\t\t<\/div>\n\t\t<div class=\"elementor-element elementor-element-594f5fa e-con-full e-flex e-con e-child\" data-id=\"594f5fa\" data-element_type=\"container\" data-e-type=\"container\" data-settings=\"{&quot;background_background&quot;:&quot;classic&quot;,&quot;animation&quot;:&quot;none&quot;}\">\n\t\t\t\t<div class=\"elementor-element elementor-element-97fb284 elementor-widget elementor-widget-text-editor\" data-id=\"97fb284\" data-element_type=\"widget\" data-e-type=\"widget\" data-widget_type=\"text-editor.default\">\n\t\t\t\t<div class=\"elementor-widget-container\">\n\t\t\t\t\t\t\t\t\t<h2>Viel geplant? Wir liefern, was ankommt.<\/h2><p>Ob f\u00fcrs Vereinsgrillen, das n\u00e4chste Sch\u00fctzenfest oder ein Dorffr\u00fchst\u00fcck \u2013 wir unterst\u00fctzen Dich mit gro\u00dfer Menge und gutem Geschmack.<\/p>\t\t\t\t\t\t\t\t<\/div>\n\t\t\t\t<\/div>\n\t\t\t\t<div class=\"elementor-element elementor-element-5c9a148 elementor-widget elementor-widget-button\" data-id=\"5c9a148\" data-element_type=\"widget\" data-e-type=\"widget\" data-widget_type=\"button.default\">\n\t\t\t\t<div class=\"elementor-widget-container\">\n\t\t\t\t\t\t\t\t\t<div class=\"elementor-button-wrapper\">\n\t\t\t\t\t<a class=\"elementor-button elementor-button-link elementor-size-sm\" href=\"https:\/\/schulte-schmeckt.de\/index.php\/kontakt\/\">\n\t\t\t\t\t\t<span class=\"elementor-button-content-wrapper\">\n\t\t\t\t\t\t<span class=\"elementor-button-icon\">\n\t\t\t\t<svg aria-hidden=\"true\" class=\"e-font-icon-svg e-fas-angle-right\" viewBox=\"0 0 256 512\" xmlns=\"http:\/\/www.w3.org\/2000\/svg\"><path d=\"M224.3 273l-136 136c-9.4 9.4-24.6 9.4-33.9 0l-22.6-22.6c-9.4-9.4-9.4-24.6 0-33.9l96.4-96.4-96.4-96.4c-9.4-9.4-9.4-24.6 0-33.9L54.3 103c9.4-9.4 24.6-9.4 33.9 0l136 136c9.5 9.4 9.5 24.6.1 34z\"><\/path><\/svg>\t\t\t<\/span>\n\t\t\t\t\t\t\t\t\t<span class=\"elementor-button-text\">Jetzt unverbindlich anfragen<\/span>\n\t\t\t\t\t<\/span>\n\t\t\t\t\t<\/a>\n\t\t\t\t<\/div>\n\t\t\t\t\t\t\t\t<\/div>\n\t\t\t\t<\/div>\n\t\t\t\t<\/div>\n\t\t\t\t\t<\/div>\n\t\t\t\t<\/div>\n\t\t\t\t<\/div>\n\t\t","protected":false},"excerpt":{"rendered":"<p>Gro\u00dfe Mengen. Guter Geschmack. Direkt vom Fachbetrieb. Ob 100 Steaks f\u00fcr das Vereinsfest oder 1000 W\u00fcrstchen f\u00fcr das n\u00e4chste Stra\u00dfenfest, deftige Eint\u00f6pfe f\u00fcr das n\u00e4chste Zeltlager und den passenden Aufschnitt f\u00fcr Euer Fr\u00fchst\u00fcck \u2013 bei uns bekommst Du frische Ware in der Menge, die Du brauchst! Den Schweiner\u00fccken f\u00fcr Dein Restaurant und den Bayrischen Leberk\u00e4se [&hellip;]<\/p>\n","protected":false},"author":1,"featured_media":0,"parent":1025,"menu_order":0,"comment_status":"closed","ping_status":"closed","template":"","meta":{"_acf_changed":false,"postBodyCss":"","postBodyMargin":[],"postBodyPadding":[],"postBodyBackground":{"backgroundType":"classic","gradient":""},"footnotes":""},"class_list":["post-754","page","type-page","status-publish","hentry"],"acf":[],"yoast_head":"<!-- This site is optimized with the Yoast SEO plugin v27.3 - https:\/\/yoast.com\/product\/yoast-seo-wordpress\/ -->\n<title>F\u00fcr Vereine, Veranstalter &amp; Gro\u00dfabnehmer - Schulte Partyservice GmbH<\/title>\n<meta name=\"robots\" content=\"index, follow, max-snippet:-1, max-image-preview:large, max-video-preview:-1\" \/>\n<link rel=\"canonical\" href=\"https:\/\/schulte-schmeckt.de\/index.php\/fleischerei\/fuer-vereine-veranstalter-grossabnehmer\/\" \/>\n<meta property=\"og:locale\" content=\"de_DE\" \/>\n<meta property=\"og:type\" content=\"article\" \/>\n<meta property=\"og:title\" content=\"F\u00fcr Vereine, Veranstalter &amp; Gro\u00dfabnehmer - Schulte Partyservice GmbH\" \/>\n<meta property=\"og:description\" content=\"Gro\u00dfe Mengen. Guter Geschmack. Direkt vom Fachbetrieb. Ob 100 Steaks f\u00fcr das Vereinsfest oder 1000 W\u00fcrstchen f\u00fcr das n\u00e4chste Stra\u00dfenfest, deftige Eint\u00f6pfe f\u00fcr das n\u00e4chste Zeltlager und den passenden Aufschnitt f\u00fcr Euer Fr\u00fchst\u00fcck \u2013 bei uns bekommst Du frische Ware in der Menge, die Du brauchst! Den Schweiner\u00fccken f\u00fcr Dein Restaurant und den Bayrischen Leberk\u00e4se [&hellip;]\" \/>\n<meta property=\"og:url\" content=\"https:\/\/schulte-schmeckt.de\/index.php\/fleischerei\/fuer-vereine-veranstalter-grossabnehmer\/\" \/>\n<meta property=\"og:site_name\" content=\"Schulte Partyservice GmbH\" \/>\n<meta property=\"article:modified_time\" content=\"2025-10-08T15:38:57+00:00\" \/>\n<meta property=\"og:image\" content=\"https:\/\/schulte-schmeckt.de\/wp-content\/uploads\/2025\/07\/2D9A1282-scaled.jpg\" \/>\n<meta name=\"twitter:card\" content=\"summary_large_image\" \/>\n<meta name=\"twitter:label1\" content=\"Gesch\u00e4tzte Lesezeit\" \/>\n\t<meta name=\"twitter:data1\" content=\"2\u00a0Minuten\" \/>\n<script type=\"application\/ld+json\" class=\"yoast-schema-graph\">{\"@context\":\"https:\\\/\\\/schema.org\",\"@graph\":[{\"@type\":\"WebPage\",\"@id\":\"https:\\\/\\\/schulte-schmeckt.de\\\/index.php\\\/fleischerei\\\/fuer-vereine-veranstalter-grossabnehmer\\\/\",\"url\":\"https:\\\/\\\/schulte-schmeckt.de\\\/index.php\\\/fleischerei\\\/fuer-vereine-veranstalter-grossabnehmer\\\/\",\"name\":\"F\u00fcr Vereine, Veranstalter &amp; Gro\u00dfabnehmer - Schulte Partyservice GmbH\",\"isPartOf\":{\"@id\":\"https:\\\/\\\/schulte-schmeckt.de\\\/#website\"},\"primaryImageOfPage\":{\"@id\":\"https:\\\/\\\/schulte-schmeckt.de\\\/index.php\\\/fleischerei\\\/fuer-vereine-veranstalter-grossabnehmer\\\/#primaryimage\"},\"image\":{\"@id\":\"https:\\\/\\\/schulte-schmeckt.de\\\/index.php\\\/fleischerei\\\/fuer-vereine-veranstalter-grossabnehmer\\\/#primaryimage\"},\"thumbnailUrl\":\"https:\\\/\\\/schulte-schmeckt.de\\\/wp-content\\\/uploads\\\/2025\\\/07\\\/2D9A1282-scaled.jpg\",\"datePublished\":\"2025-07-16T15:43:20+00:00\",\"dateModified\":\"2025-10-08T15:38:57+00:00\",\"breadcrumb\":{\"@id\":\"https:\\\/\\\/schulte-schmeckt.de\\\/index.php\\\/fleischerei\\\/fuer-vereine-veranstalter-grossabnehmer\\\/#breadcrumb\"},\"inLanguage\":\"de\",\"potentialAction\":[{\"@type\":\"ReadAction\",\"target\":[\"https:\\\/\\\/schulte-schmeckt.de\\\/index.php\\\/fleischerei\\\/fuer-vereine-veranstalter-grossabnehmer\\\/\"]}]},{\"@type\":\"ImageObject\",\"inLanguage\":\"de\",\"@id\":\"https:\\\/\\\/schulte-schmeckt.de\\\/index.php\\\/fleischerei\\\/fuer-vereine-veranstalter-grossabnehmer\\\/#primaryimage\",\"url\":\"https:\\\/\\\/schulte-schmeckt.de\\\/wp-content\\\/uploads\\\/2025\\\/07\\\/2D9A1282-scaled.jpg\",\"contentUrl\":\"https:\\\/\\\/schulte-schmeckt.de\\\/wp-content\\\/uploads\\\/2025\\\/07\\\/2D9A1282-scaled.jpg\",\"width\":2560,\"height\":1707},{\"@type\":\"BreadcrumbList\",\"@id\":\"https:\\\/\\\/schulte-schmeckt.de\\\/index.php\\\/fleischerei\\\/fuer-vereine-veranstalter-grossabnehmer\\\/#breadcrumb\",\"itemListElement\":[{\"@type\":\"ListItem\",\"position\":1,\"name\":\"Startseite\",\"item\":\"https:\\\/\\\/schulte-schmeckt.de\\\/\"},{\"@type\":\"ListItem\",\"position\":2,\"name\":\"Fleischerei\",\"item\":\"https:\\\/\\\/schulte-schmeckt.de\\\/index.php\\\/fleischerei\\\/\"},{\"@type\":\"ListItem\",\"position\":3,\"name\":\"F\u00fcr Vereine, Veranstalter &amp; Gro\u00dfabnehmer\"}]},{\"@type\":\"WebSite\",\"@id\":\"https:\\\/\\\/schulte-schmeckt.de\\\/#website\",\"url\":\"https:\\\/\\\/schulte-schmeckt.de\\\/\",\"name\":\"Schulte Partyservice GmbH\",\"description\":\"\",\"publisher\":{\"@id\":\"https:\\\/\\\/schulte-schmeckt.de\\\/#organization\"},\"potentialAction\":[{\"@type\":\"SearchAction\",\"target\":{\"@type\":\"EntryPoint\",\"urlTemplate\":\"https:\\\/\\\/schulte-schmeckt.de\\\/?s={search_term_string}\"},\"query-input\":{\"@type\":\"PropertyValueSpecification\",\"valueRequired\":true,\"valueName\":\"search_term_string\"}}],\"inLanguage\":\"de\"},{\"@type\":\"Organization\",\"@id\":\"https:\\\/\\\/schulte-schmeckt.de\\\/#organization\",\"name\":\"Schulte Partyservice GmbH\",\"url\":\"https:\\\/\\\/schulte-schmeckt.de\\\/\",\"logo\":{\"@type\":\"ImageObject\",\"inLanguage\":\"de\",\"@id\":\"https:\\\/\\\/schulte-schmeckt.de\\\/#\\\/schema\\\/logo\\\/image\\\/\",\"url\":\"https:\\\/\\\/schulte-schmeckt.de\\\/wp-content\\\/uploads\\\/2025\\\/05\\\/schulte-logo-black.png\",\"contentUrl\":\"https:\\\/\\\/schulte-schmeckt.de\\\/wp-content\\\/uploads\\\/2025\\\/05\\\/schulte-logo-black.png\",\"width\":1800,\"height\":1412,\"caption\":\"Schulte Partyservice GmbH\"},\"image\":{\"@id\":\"https:\\\/\\\/schulte-schmeckt.de\\\/#\\\/schema\\\/logo\\\/image\\\/\"}}]}<\/script>\n<!-- \/ Yoast SEO plugin. -->","yoast_head_json":{"title":"F\u00fcr Vereine, Veranstalter &amp; Gro\u00dfabnehmer - Schulte Partyservice GmbH","robots":{"index":"index","follow":"follow","max-snippet":"max-snippet:-1","max-image-preview":"max-image-preview:large","max-video-preview":"max-video-preview:-1"},"canonical":"https:\/\/schulte-schmeckt.de\/index.php\/fleischerei\/fuer-vereine-veranstalter-grossabnehmer\/","og_locale":"de_DE","og_type":"article","og_title":"F\u00fcr Vereine, Veranstalter &amp; Gro\u00dfabnehmer - Schulte Partyservice GmbH","og_description":"Gro\u00dfe Mengen. Guter Geschmack. Direkt vom Fachbetrieb. Ob 100 Steaks f\u00fcr das Vereinsfest oder 1000 W\u00fcrstchen f\u00fcr das n\u00e4chste Stra\u00dfenfest, deftige Eint\u00f6pfe f\u00fcr das n\u00e4chste Zeltlager und den passenden Aufschnitt f\u00fcr Euer Fr\u00fchst\u00fcck \u2013 bei uns bekommst Du frische Ware in der Menge, die Du brauchst! Den Schweiner\u00fccken f\u00fcr Dein Restaurant und den Bayrischen Leberk\u00e4se [&hellip;]","og_url":"https:\/\/schulte-schmeckt.de\/index.php\/fleischerei\/fuer-vereine-veranstalter-grossabnehmer\/","og_site_name":"Schulte Partyservice GmbH","article_modified_time":"2025-10-08T15:38:57+00:00","og_image":[{"url":"https:\/\/schulte-schmeckt.de\/wp-content\/uploads\/2025\/07\/2D9A1282-scaled.jpg","type":"","width":"","height":""}],"twitter_card":"summary_large_image","twitter_misc":{"Gesch\u00e4tzte Lesezeit":"2\u00a0Minuten"},"schema":{"@context":"https:\/\/schema.org","@graph":[{"@type":"WebPage","@id":"https:\/\/schulte-schmeckt.de\/index.php\/fleischerei\/fuer-vereine-veranstalter-grossabnehmer\/","url":"https:\/\/schulte-schmeckt.de\/index.php\/fleischerei\/fuer-vereine-veranstalter-grossabnehmer\/","name":"F\u00fcr Vereine, Veranstalter &amp; Gro\u00dfabnehmer - Schulte Partyservice GmbH","isPartOf":{"@id":"https:\/\/schulte-schmeckt.de\/#website"},"primaryImageOfPage":{"@id":"https:\/\/schulte-schmeckt.de\/index.php\/fleischerei\/fuer-vereine-veranstalter-grossabnehmer\/#primaryimage"},"image":{"@id":"https:\/\/schulte-schmeckt.de\/index.php\/fleischerei\/fuer-vereine-veranstalter-grossabnehmer\/#primaryimage"},"thumbnailUrl":"https:\/\/schulte-schmeckt.de\/wp-content\/uploads\/2025\/07\/2D9A1282-scaled.jpg","datePublished":"2025-07-16T15:43:20+00:00","dateModified":"2025-10-08T15:38:57+00:00","breadcrumb":{"@id":"https:\/\/schulte-schmeckt.de\/index.php\/fleischerei\/fuer-vereine-veranstalter-grossabnehmer\/#breadcrumb"},"inLanguage":"de","potentialAction":[{"@type":"ReadAction","target":["https:\/\/schulte-schmeckt.de\/index.php\/fleischerei\/fuer-vereine-veranstalter-grossabnehmer\/"]}]},{"@type":"ImageObject","inLanguage":"de","@id":"https:\/\/schulte-schmeckt.de\/index.php\/fleischerei\/fuer-vereine-veranstalter-grossabnehmer\/#primaryimage","url":"https:\/\/schulte-schmeckt.de\/wp-content\/uploads\/2025\/07\/2D9A1282-scaled.jpg","contentUrl":"https:\/\/schulte-schmeckt.de\/wp-content\/uploads\/2025\/07\/2D9A1282-scaled.jpg","width":2560,"height":1707},{"@type":"BreadcrumbList","@id":"https:\/\/schulte-schmeckt.de\/index.php\/fleischerei\/fuer-vereine-veranstalter-grossabnehmer\/#breadcrumb","itemListElement":[{"@type":"ListItem","position":1,"name":"Startseite","item":"https:\/\/schulte-schmeckt.de\/"},{"@type":"ListItem","position":2,"name":"Fleischerei","item":"https:\/\/schulte-schmeckt.de\/index.php\/fleischerei\/"},{"@type":"ListItem","position":3,"name":"F\u00fcr Vereine, Veranstalter &amp; Gro\u00dfabnehmer"}]},{"@type":"WebSite","@id":"https:\/\/schulte-schmeckt.de\/#website","url":"https:\/\/schulte-schmeckt.de\/","name":"Schulte Partyservice GmbH","description":"","publisher":{"@id":"https:\/\/schulte-schmeckt.de\/#organization"},"potentialAction":[{"@type":"SearchAction","target":{"@type":"EntryPoint","urlTemplate":"https:\/\/schulte-schmeckt.de\/?s={search_term_string}"},"query-input":{"@type":"PropertyValueSpecification","valueRequired":true,"valueName":"search_term_string"}}],"inLanguage":"de"},{"@type":"Organization","@id":"https:\/\/schulte-schmeckt.de\/#organization","name":"Schulte Partyservice GmbH","url":"https:\/\/schulte-schmeckt.de\/","logo":{"@type":"ImageObject","inLanguage":"de","@id":"https:\/\/schulte-schmeckt.de\/#\/schema\/logo\/image\/","url":"https:\/\/schulte-schmeckt.de\/wp-content\/uploads\/2025\/05\/schulte-logo-black.png","contentUrl":"https:\/\/schulte-schmeckt.de\/wp-content\/uploads\/2025\/05\/schulte-logo-black.png","width":1800,"height":1412,"caption":"Schulte Partyservice GmbH"},"image":{"@id":"https:\/\/schulte-schmeckt.de\/#\/schema\/logo\/image\/"}}]}},"_links":{"self":[{"href":"https:\/\/schulte-schmeckt.de\/index.php\/wp-json\/wp\/v2\/pages\/754","targetHints":{"allow":["GET"]}}],"collection":[{"href":"https:\/\/schulte-schmeckt.de\/index.php\/wp-json\/wp\/v2\/pages"}],"about":[{"href":"https:\/\/schulte-schmeckt.de\/index.php\/wp-json\/wp\/v2\/types\/page"}],"author":[{"embeddable":true,"href":"https:\/\/schulte-schmeckt.de\/index.php\/wp-json\/wp\/v2\/users\/1"}],"replies":[{"embeddable":true,"href":"https:\/\/schulte-schmeckt.de\/index.php\/wp-json\/wp\/v2\/comments?post=754"}],"version-history":[{"count":34,"href":"https:\/\/schulte-schmeckt.de\/index.php\/wp-json\/wp\/v2\/pages\/754\/revisions"}],"predecessor-version":[{"id":1113,"href":"https:\/\/schulte-schmeckt.de\/index.php\/wp-json\/wp\/v2\/pages\/754\/revisions\/1113"}],"up":[{"embeddable":true,"href":"https:\/\/schulte-schmeckt.de\/index.php\/wp-json\/wp\/v2\/pages\/1025"}],"wp:attachment":[{"href":"https:\/\/schulte-schmeckt.de\/index.php\/wp-json\/wp\/v2\/media?parent=754"}],"curies":[{"name":"wp","href":"https:\/\/api.w.org\/{rel}","templated":true}]}}